{"id":371471,"date":"2025-03-27T19:44:37","date_gmt":"2025-03-27T19:44:37","guid":{"rendered":"https:\/\/antoniosanz.com\/lanzamiento\/?page_id=371471"},"modified":"2025-03-28T16:17:50","modified_gmt":"2025-03-28T16:17:50","slug":"elementor-371471","status":"publish","type":"page","link":"https:\/\/antoniosanz.com\/lanzamiento\/elementor-371471\/","title":{"rendered":"Registro-Pre-Landing-Meta-Versi\u00f3n1"},"content":{"rendered":"<h2>Convertimos el d\u00eda de tu boda en un gran tesoro audiovisual<\/h2>\n<h2>Descubre c\u00f3mo lo hacemos.<\/h2>\n<p>\t\t\t\t\t\t\t\t\t\t\t\t\t\t\t<img decoding=\"async\" width=\"1414\" height=\"2000\" src=\"https:\/\/antoniosanz.com\/lanzamiento\/wp-content\/uploads\/2024\/12\/Antonio-Sanz-color-01.png\" alt=\"\" srcset=\"https:\/\/antoniosanz.com\/lanzamiento\/wp-content\/uploads\/2024\/12\/Antonio-Sanz-color-01.png 1414w, https:\/\/antoniosanz.com\/lanzamiento\/wp-content\/uploads\/2024\/12\/Antonio-Sanz-color-01-212x300.png 212w, https:\/\/antoniosanz.com\/lanzamiento\/wp-content\/uploads\/2024\/12\/Antonio-Sanz-color-01-724x1024.png 724w, https:\/\/antoniosanz.com\/lanzamiento\/wp-content\/uploads\/2024\/12\/Antonio-Sanz-color-01-768x1086.png 768w, https:\/\/antoniosanz.com\/lanzamiento\/wp-content\/uploads\/2024\/12\/Antonio-Sanz-color-01-1086x1536.png 1086w, https:\/\/antoniosanz.com\/lanzamiento\/wp-content\/uploads\/2024\/12\/Antonio-Sanz-color-01-1080x1528.png 1080w, https:\/\/antoniosanz.com\/lanzamiento\/wp-content\/uploads\/2024\/12\/Antonio-Sanz-color-01-1280x1810.png 1280w, https:\/\/antoniosanz.com\/lanzamiento\/wp-content\/uploads\/2024\/12\/Antonio-Sanz-color-01-980x1386.png 980w, https:\/\/antoniosanz.com\/lanzamiento\/wp-content\/uploads\/2024\/12\/Antonio-Sanz-color-01-480x679.png 480w\" sizes=\"(max-width: 1414px) 100vw, 1414px\" \/>\t\t\t\t\t\t\t\t\t\t\t\t\t\t\t<\/p>\n<h4>Antonio Sanz<\/h4>\n<p>Llevo m\u00e1s de 38 a\u00f1os y 1.200 bodas capturando los momentos m\u00e1s importantes en la vida de las personas. Lo que comenz\u00f3 como una pasi\u00f3n se ha convertido en mi forma de ayudar a las parejas a conservar recuerdos que duran toda la vida. Mi objetivo es que disfrutes de tu d\u00eda, mientras me ocupo de inmortalizar cada emoci\u00f3n y gesto, desde la discreci\u00f3n , profesionalidad y recuperando la magia del d\u00eda de la boda para siempre.<\/p>\n","protected":false},"excerpt":{"rendered":"<p>Convertimos el d\u00eda de tu boda en un gran tesoro audiovisual Descubre c\u00f3mo lo hacemos. Antonio Sanz Llevo m\u00e1s de 38 a\u00f1os y 1.200 bodas capturando los momentos m\u00e1s importantes en la vida de las personas. Lo que comenz\u00f3 como una pasi\u00f3n se ha convertido en mi forma de ayudar a las parejas a conservar [&hellip;]<\/p>\n","protected":false},"author":1,"featured_media":0,"parent":0,"menu_order":0,"comment_status":"closed","ping_status":"closed","template":"elementor_canvas","meta":{"_et_pb_use_builder":"","_et_pb_old_content":"","_et_gb_content_width":"","footnotes":""},"class_list":["post-371471","page","type-page","status-publish","hentry"],"_links":{"self":[{"href":"https:\/\/antoniosanz.com\/lanzamiento\/wp-json\/wp\/v2\/pages\/371471","targetHints":{"allow":["GET"]}}],"collection":[{"href":"https:\/\/antoniosanz.com\/lanzamiento\/wp-json\/wp\/v2\/pages"}],"about":[{"href":"https:\/\/antoniosanz.com\/lanzamiento\/wp-json\/wp\/v2\/types\/page"}],"author":[{"embeddable":true,"href":"https:\/\/antoniosanz.com\/lanzamiento\/wp-json\/wp\/v2\/users\/1"}],"replies":[{"embeddable":true,"href":"https:\/\/antoniosanz.com\/lanzamiento\/wp-json\/wp\/v2\/comments?post=371471"}],"version-history":[{"count":50,"href":"https:\/\/antoniosanz.com\/lanzamiento\/wp-json\/wp\/v2\/pages\/371471\/revisions"}],"predecessor-version":[{"id":371577,"href":"https:\/\/antoniosanz.com\/lanzamiento\/wp-json\/wp\/v2\/pages\/371471\/revisions\/371577"}],"wp:attachment":[{"href":"https:\/\/antoniosanz.com\/lanzamiento\/wp-json\/wp\/v2\/media?parent=371471"}],"curies":[{"name":"wp","href":"https:\/\/api.w.org\/{rel}","templated":true}]}}